{"id":548,"date":"2019-08-14T00:14:37","date_gmt":"2019-08-14T03:14:37","guid":{"rendered":"http:\/\/exlibris.usal.edu.ar\/?page_id=548"},"modified":"2019-08-21T19:50:40","modified_gmt":"2019-08-21T22:50:40","slug":"miguel-pecci-saavedra","status":"publish","type":"page","link":"https:\/\/exlibris.usal.edu.ar\/index.php\/miguel-pecci-saavedra\/","title":{"rendered":"Miguel Pecci Saavedra"},"content":{"rendered":"<div id=\"pl-548\"  class=\"panel-layout\" ><div id=\"pg-548-0\"  class=\"panel-grid panel-has-style\" ><div class=\"libros panel-row-style panel-row-style-for-548-0\" id=\"libros\" ><div id=\"pgc-548-0-0\"  class=\"panel-grid-cell\" ><div id=\"panel-548-0-0-0\" class=\"so-panel widget widget_sow-image panel-first-child panel-last-child\" data-index=\"0\" ><div\n\t\t\t\n\t\t\tclass=\"so-widget-sow-image so-widget-sow-image-default-a5258576d588-548\"\n\t\t\t\n\t\t>\n\n<div class=\"sow-image-container\">\n\t\t\t<a href=\"http:\/\/exlibris.usal.edu.ar\/wp-content\/uploads\/2019\/08\/13-PECCI.jpg\"\n\t\t\ttarget=\"_blank\" rel=\"noopener noreferrer\" \t\t>\n\t\t\t<img src=\"https:\/\/exlibris.usal.edu.ar\/wp-content\/uploads\/2019\/08\/pecci_saavedra_descripcion.png\" width=\"436\" height=\"534\" srcset=\"https:\/\/exlibris.usal.edu.ar\/wp-content\/uploads\/2019\/08\/pecci_saavedra_descripcion.png 436w, https:\/\/exlibris.usal.edu.ar\/wp-content\/uploads\/2019\/08\/pecci_saavedra_descripcion-245x300.png 245w\" sizes=\"(max-width: 436px) 100vw, 436px\" alt=\"\" loading=\"lazy\" \t\tclass=\"so-widget-image\"\/>\n\t<\/a><\/div>\n\n<\/div><\/div><\/div><div id=\"pgc-548-0-1\"  class=\"panel-grid-cell\" ><div id=\"panel-548-0-1-0\" class=\"so-panel widget widget_sow-editor panel-first-child panel-last-child\" data-index=\"1\" ><div\n\t\t\t\n\t\t\tclass=\"so-widget-sow-editor so-widget-sow-editor-base\"\n\t\t\t\n\t\t>\n<div class=\"siteorigin-widget-tinymce textwidget\">\n\t<p><img decoding=\"async\" loading=\"lazy\" class=\"alignnone wp-image-720 size-full\" src=\"http:\/\/exlibris.usal.edu.ar\/wp-content\/uploads\/2019\/08\/pecci_saavedra_titulo.png\" alt=\"\" width=\"678\" height=\"70\" srcset=\"https:\/\/exlibris.usal.edu.ar\/wp-content\/uploads\/2019\/08\/pecci_saavedra_titulo.png 678w, https:\/\/exlibris.usal.edu.ar\/wp-content\/uploads\/2019\/08\/pecci_saavedra_titulo-300x31.png 300w\" sizes=\"(max-width: 678px) 100vw, 678px\" \/><\/p>\n<p><span style=\"font-weight: 400;\">Autor: E F (?)<br \/>\n<\/span><span style=\"font-weight: 400;\">Propietario: Miguel Pecci Saavedra<br \/>\n<\/span><span style=\"font-weight: 400;\">Tipo: Impresi\u00f3n en relieve<br \/>\n<\/span>Medida: 5,4 x 5,5 cm.<span style=\"font-weight: 400;\">\u00a0 \u00a0<\/span><\/p>\n<p><span style=\"font-weight: 400;\">Miguel Pecci Saavedra (1890-1964) fue un literato y humanista paraguayo. Utiliz\u00f3 como pseud\u00f3nimo Arnoldo Miriel, y form\u00f3 parte del grupo creativo de j\u00f3venes actores y dramaturgos que fueron de gran importancia para el desarrollo del teatro paraguayo en d\u00e9cada de 1920. Fue conocido por sus obras teatrales como <\/span><i><span style=\"font-weight: 400;\">Los convidados de una cena<\/span><\/i><span style=\"font-weight: 400;\">, <\/span><i><span style=\"font-weight: 400;\">Mar\u00eda del Carmen<\/span><\/i><span style=\"font-weight: 400;\"> y <\/span><i><span style=\"font-weight: 400;\">Manos blancas<\/span><\/i><span style=\"font-weight: 400;\">. Se exili\u00f3 en Buenos Aires despu\u00e9s de haber recibido una cr\u00edtica excesiva del periodista y pol\u00edtico Arsenio L\u00f3pez Decoud, por su libro de 1926, <\/span><i><span style=\"font-weight: 400;\">Mona Lisa y Leonardo<\/span><\/i><span style=\"font-weight: 400;\">. Ya en Argentina, public\u00f3 <\/span><i><span style=\"font-weight: 400;\">Et\u00f3poli<\/span><\/i><span style=\"font-weight: 400;\">, <\/span><i><span style=\"font-weight: 400;\">Boceto renacentista<\/span><\/i><span style=\"font-weight: 400;\">, entre otras obras. El <\/span><i><span style=\"font-weight: 400;\">ex libris <\/span><\/i><span style=\"font-weight: 400;\">de este lector apasionado hasta la devoci\u00f3n, presenta una mano escribiendo con la pluma de ave cl\u00e1sica, la leyenda en lat\u00edn <\/span><i><span style=\"font-weight: 400;\">Non nova, sed nove<\/span><\/i><span style=\"font-weight: 400;\"> (nada nuevo, pero s\u00ed de manera nueva). De este modo, tanto su nombre y segundo apellido, como la imagen de la composici\u00f3n, remiten a Miguel de Cervantes Saavedra (1547-1616), s\u00edmbolo del escritor por antonomasia en lengua espa\u00f1ola. Toda la composici\u00f3n, incluida la frase en lat\u00edn, remiten a la literatura cl\u00e1sica universal, la que concibe que los asuntos literarios no necesariamente tienen que ser nuevos, pero s\u00ed la manera en que se los aborda desde la creatividad de la escritura.<\/span><\/p>\n<hr \/>\n<p><b>COLESP D9-MP12<\/b><\/p>\n<p><span style=\"font-weight: 400;\">Alas, Leopoldo, Clar\u00edn<\/span><\/p>\n<p><span style=\"font-weight: 400;\">Solos de Clar\u00edn \/ Leopoldo Alas ; con un pr\u00f3logo de Jos\u00e9 Echegaray. \u2014 2a ed. \u2014 Madrid : Alfredo de Carlos Hierro, [1881]. \u2014 334 p. ; 19 cm.<\/span><\/p>\n<hr \/>\n<p><a href=\"http:\/\/exlibris.usal.edu.ar\/index.php\/per-ardua-gradior-victor-foucher\/\"><img decoding=\"async\" loading=\"lazy\" class=\"size-full wp-image-955 alignright\" src=\"http:\/\/exlibris.usal.edu.ar\/wp-content\/uploads\/2019\/08\/siguiente.png\" alt=\"\" width=\"163\" height=\"50\" \/><\/a> <a href=\"http:\/\/exlibris.usal.edu.ar\/index.php\/manuel-juan-sanguinetti\/\"><img decoding=\"async\" loading=\"lazy\" class=\"size-full wp-image-967 alignleft\" src=\"http:\/\/exlibris.usal.edu.ar\/wp-content\/uploads\/2019\/08\/anterior.png\" alt=\"\" width=\"163\" height=\"50\" \/><\/a><\/p>\n<\/div>\n<\/div><\/div><\/div><\/div><\/div><div id=\"pg-548-1\"  class=\"panel-grid panel-has-style\" ><div class=\"footer panel-row-style panel-row-style-for-548-1\" ><div id=\"pgc-548-1-0\"  class=\"panel-grid-cell\" ><div id=\"panel-548-1-0-0\" class=\"so-panel widget widget_sow-editor panel-first-child panel-last-child\" data-index=\"2\" ><div\n\t\t\t\n\t\t\tclass=\"so-widget-sow-editor so-widget-sow-editor-base\"\n\t\t\t\n\t\t>\n<div class=\"siteorigin-widget-tinymce textwidget\">\n\t<p><a href=\"http:\/\/www.usal.edu.ar\" target=\"_blank\" rel=\"noopener\"><img decoding=\"async\" loading=\"lazy\" class=\"size-full wp-image-909 aligncenter\" src=\"http:\/\/exlibris.usal.edu.ar\/wp-content\/uploads\/2019\/08\/usal_logo.png\" alt=\"\" width=\"230\" height=\"103\" \/><\/a><\/p>\n<\/div>\n<\/div><\/div><\/div><div id=\"pgc-548-1-1\"  class=\"panel-grid-cell\" ><div id=\"panel-548-1-1-0\" class=\"so-panel widget widget_sow-editor panel-first-child panel-last-child\" data-index=\"3\" ><div\n\t\t\t\n\t\t\tclass=\"so-widget-sow-editor so-widget-sow-editor-base\"\n\t\t\t\n\t\t>\n<div class=\"siteorigin-widget-tinymce textwidget\">\n\t<p><a href=\"http:\/\/bibliotecas.usal.edu.ar\/biblio_inicio\" target=\"_blank\" rel=\"noopener\"><img decoding=\"async\" loading=\"lazy\" class=\"size-full wp-image-894 aligncenter\" src=\"http:\/\/exlibris.usal.edu.ar\/wp-content\/uploads\/2019\/08\/biblioteca_logo.png\" alt=\"\" width=\"230\" height=\"103\" \/><\/a><\/p>\n<\/div>\n<\/div><\/div><\/div><div id=\"pgc-548-1-2\"  class=\"panel-grid-cell\" ><div id=\"panel-548-1-2-0\" class=\"so-panel widget widget_sow-editor panel-first-child panel-last-child\" data-index=\"4\" ><div\n\t\t\t\n\t\t\tclass=\"so-widget-sow-editor so-widget-sow-editor-base\"\n\t\t\t\n\t\t>\n<div class=\"siteorigin-widget-tinymce textwidget\">\n\t<p><a href=\"https:\/\/bibliotecahistorica.usal.edu.ar\/\" target=\"_blank\" rel=\"noopener\"><img decoding=\"async\" loading=\"lazy\" class=\"size-full wp-image-893 aligncenter\" src=\"http:\/\/exlibris.usal.edu.ar\/wp-content\/uploads\/2019\/08\/archivo_logo.png\" alt=\"\" width=\"313\" height=\"103\" srcset=\"https:\/\/exlibris.usal.edu.ar\/wp-content\/uploads\/2019\/08\/archivo_logo.png 313w, https:\/\/exlibris.usal.edu.ar\/wp-content\/uploads\/2019\/08\/archivo_logo-300x99.png 300w\" sizes=\"(max-width: 313px) 100vw, 313px\" \/><\/a><\/p>\n<\/div>\n<\/div><\/div><\/div><\/div><\/div><\/div>","protected":false},"excerpt":{"rendered":"<p>Autor: E F (?) Propietario: Miguel Pecci Saavedra Tipo: Impresi\u00f3n en relieve Medida: 5,4 x 5,5 cm.\u00a0 \u00a0 Miguel Pecci Saavedra (1890-1964) fue un literato y humanista paraguayo. Utiliz\u00f3 como<\/p>\n<p class=\"more-link\"><a href=\"https:\/\/exlibris.usal.edu.ar\/index.php\/miguel-pecci-saavedra\/\" class=\"readmore\">Continue reading<span class=\"screen-reader-text\">Miguel Pecci Saavedra<\/span><\/a><\/p>\n","protected":false},"author":1,"featured_media":0,"parent":0,"menu_order":16,"comment_status":"closed","ping_status":"closed","template":"","meta":[],"_links":{"self":[{"href":"https:\/\/exlibris.usal.edu.ar\/index.php\/wp-json\/wp\/v2\/pages\/548"}],"collection":[{"href":"https:\/\/exlibris.usal.edu.ar\/index.php\/wp-json\/wp\/v2\/pages"}],"about":[{"href":"https:\/\/exlibris.usal.edu.ar\/index.php\/wp-json\/wp\/v2\/types\/page"}],"author":[{"embeddable":true,"href":"https:\/\/exlibris.usal.edu.ar\/index.php\/wp-json\/wp\/v2\/users\/1"}],"replies":[{"embeddable":true,"href":"https:\/\/exlibris.usal.edu.ar\/index.php\/wp-json\/wp\/v2\/comments?post=548"}],"version-history":[{"count":11,"href":"https:\/\/exlibris.usal.edu.ar\/index.php\/wp-json\/wp\/v2\/pages\/548\/revisions"}],"predecessor-version":[{"id":1212,"href":"https:\/\/exlibris.usal.edu.ar\/index.php\/wp-json\/wp\/v2\/pages\/548\/revisions\/1212"}],"wp:attachment":[{"href":"https:\/\/exlibris.usal.edu.ar\/index.php\/wp-json\/wp\/v2\/media?parent=548"}],"curies":[{"name":"wp","href":"https:\/\/api.w.org\/{rel}","templated":true}]}}